{"id":1311,"date":"2017-10-12T13:31:44","date_gmt":"2017-10-12T12:31:44","guid":{"rendered":"http:\/\/fanimar.thinkingaround.com\/?page_id=1311"},"modified":"2024-04-04T14:29:09","modified_gmt":"2024-04-04T13:29:09","slug":"privacy-policy","status":"publish","type":"page","link":"https:\/\/fanimar.it\/en\/privacy-policy\/","title":{"rendered":"Gestione Cookie e Privacy"},"content":{"rendered":"<h2>PRIVACY POLICY<\/h2>\n<p>INFORMATIVA EX ART. 13 D. LGS. 196\/2003<\/p>\n<p>Egregio Cliente,<\/p>\n<p>Il F.A.N.I.MAR. desidera informarLa che il D. Lgs. n. 196 del 30 giugno 2003 (denominato &#8220;Codice in materia di protezione dei dati personali&#8221;) prevede la tutela delle persone fisiche e giuridiche con riguardo al trattamento dei dati personali.<\/p>\n<p>In ossequio alla normativa sopraindicata, il trattamento dei dati personali sar\u00e0 improntato ai principi di correttezza, liceit\u00e0 e trasparenza e di tutela della Sua riservatezza e dei Suoi diritti.<\/p>\n<p>Ai sensi dell&#8217;articolo 13 del D. Lgs. n. 196\/2003, pertanto, Le forniamo le seguenti informazioni:<\/p>\n<p>1. I dati da Lei volontariamente forniti verranno trattati per finalit\u00e0 gestionali, statistiche e fiscali relative ai servizi di F.A.N.I.MAR. tramite la tenuta di registri, di elenchi, di indirizzari e di altri documenti necessari.<\/p>\n<p>2. II trattamento sar\u00e0 effettuato con le seguenti modalit\u00e0:<br \/>\ncon l\u2019ausilio di strumenti elettronici;<br \/>\ncon la tenuta di archivi cartacei.<\/p>\n<p>3. II conferimento dei dati \u00e8 indispensabile per l\u2019esatto adempimento della prestazione richiestaci e, pertanto, l&#8217;eventuale rifiuto di fornire tali dati potrebbe comportare l\u2019impossibilit\u00e0 di portare a termine le procedure richieste.<\/p>\n<p>4. I dati potranno essere comunicati a soggetti terzi, e ove necessario diffusi, solo per motivi strettamente pertinenti alle finalit\u00e0, agli scopi e agli obblighi del F.A.N.I.MAR. e comunque in ossequio e nel rispetto delle prescrizioni di cui alla normativa sulla tutela della privacy.<\/p>\n<p>5.II trattamento potrebbe riguardare anche dati personali rientranti nel novero dei dati &#8220;sensibili&#8221;, con riferimento al punto d) dell&#8217;articolo 4 del D. Lgs. n. 196\/2003.<br \/>\nII trattamento che sar\u00e0 effettuato su tali dati sensibili ha le seguenti finalit\u00e0:<br \/>\nper lo svolgimento dell&#8217;incarico affidato;<br \/>\nper l\u2019adempimento di obblighi fiscali;<br \/>\ntramite la tenuta di registri, di elenchi, di indirizzari e di altri documenti necessari<\/p>\n<p>6. II titolare del trattamento \u00e8:<br \/>\nF.A.N.I.MAR.<br \/>\nVIA MILANO, 40 C\/3<br \/>\n16126 \u2013 GENOVA (GE)<\/p>\n<p>7. II responsabile interno, o i responsabili interni del trattamento sono agevolmente disponibili presso la F.A.N.I.MAR..<\/p>\n<p>8. II responsabile esterno, o i responsabili esterni per la gestione in out-sourcing del trattamento sono agevolmente disponibili presso la F.A.N.I.MAR..<\/p>\n<p>9. II titolare esterno, o i titolari esterni per la gestione in out-sourcing del trattamento sono agevolmente disponibili presso la F.A.N.I.MAR..<\/p>\n<p>10. I dati verranno conservati per esclusive ragioni di riscontro nel tempo e di utilit\u00e0 commerciale dell&#8217;interessato, fermo l&#8217;esercizio dei diritti di cui al seguente punto 11. In particolare poi \u00e8 fatta salva l\u2019utilizzabilit\u00e0 dei dati per fini di giustizia nelle ipotesi espressamente previste dalla legge, o per l\u2019adempimento di obblighi normativi.<\/p>\n<p>11. In ogni momento potr\u00e0 esercitare i Suoi diritti nei confronti del titolare del trattamento, ai sensi dell&#8217;art. 7 del D. Lgs.196\/2003.<\/p>\n<p>Decreto legislativo n.\u00b0196\/2003,<br \/>\nArt. 7 \u2013 Diritto di accesso ai dati personali e altri diritti<\/p>\n<p>1. L\u2019interessato ha diritto di ottenere la conferma dell\u2019esistenza o meno di dati personali che lo riguardano, anche se non ancora registrati, e la loro comunicazione in forma intelligibile.<\/p>\n<p>2. L\u2019interessato ha diritto di ottenere l\u2019indicazione:<br \/>\ndell\u2019origine dei dati personali;<br \/>\ndelle finalit\u00e0 e modalit\u00e0 del trattamento;<br \/>\ndella logica applicata in caso di trattamento effettuato con l\u2019ausilio di strumenti elettronici;<br \/>\ndegli estremi identificativi del titolare, dei responsabili, e del rappresentante designato ai sensi dell\u2019art.5, comma 2;<br \/>\ndei soggetti o delle categorie di soggetti ai quali i dati personali possono essere comunicati o che possono venirne a conoscenza in qualit\u00e0 di rappresentante designato nel territorio dello Stato, di responsabili o incaricati.<\/p>\n<p>2. L\u2019interessato ha diritto di ottenere:<br \/>\nl\u2019aggiornamento, la rettificazione ovvero, quando vi ha interesse, l\u2019integrazione dei dati;<br \/>\nla cancellazione, la trasformazione in forma anonima o il blocco dei dati trattati in violazione di legge, compresi quelli di cui non \u00e8 necessaria la conservazione in relazione agli scopi per i quali i dati sono raccolti o successivamente trattati;<br \/>\nl\u2019attestazione che le operazioni di cui ai primi 2 punti sono state portate a conoscenza, anche per quanto riguarda il loro contenuto, di coloro ai quali i dati sono stati comunicati o diffusi, eccettuato il caso in cui tale adempimento si rivela impossibile o comporta un impiego di mezzi manifestamente sproporzionato rispetto al diritto tutelato.<\/p>\n<p>3. L\u2019interessato ha diritto di opporsi, in tutto o in parte:<br \/>\nPer motivi legittimi al trattamento dei dati personali che lo riguardano, ancorch\u00e9 pertinenti allo scopo della raccolta;<br \/>\nAl trattamento dei dati personali che lo riguardano al fine di invio di materiale pubblicitario o di vendita diretta o per il compimento di ricerche di mercato o di comunicazione commerciale.<\/p>\n<h2 id=\"data_processing_detailed_info\">Dettagli sul trattamento dei Dati Personali<\/h2>\n<p>I Dati Personali sono raccolti per le seguenti finalit\u00e0 ed utilizzando i seguenti servizi:<\/p>\n<h3 class=\"expand-click w_icon_24 policyicon_purpose_12386303 iub-purpose iub-purpose-12386303\">Contattare l&#8217;Utente<\/h3>\n<div class=\"expand-content\">\n<h4 class=\"iub-service iub-service-10551629\">Modulo di contatto (questa Applicazione)<\/h4>\n<div class=\"wrap\">\n<p>L\u2019Utente, compilando con i propri Dati il modulo di contatto, acconsente al loro utilizzo per rispondere alle richieste di informazioni, di preventivo, o di qualunque altra natura indicata dall\u2019intestazione del modulo.<\/p>\n<\/div>\n<p>Dati Personali trattati: CAP; citt\u00e0; cognome; data di nascita; email; indirizzo fisico; nome; numero di telefono; professione; settore di attivit\u00e0; varie tipologie di Dati.<\/p>\n<h3 class=\"expand-click w_icon_24 policyicon_purpose_12386308 iub-purpose iub-purpose-12386308\">Statistica<\/h3>\n<div class=\"expand-content\">\n<p>I servizi contenuti nella presente sezione permettono al Titolare del Trattamento di monitorare e analizzare i dati di traffico e servono a tener traccia del comportamento dell\u2019Utente.<\/p>\n<h4 class=\"iub-service iub-service-10551634\">Google Analytics (Universal Analytics)<\/h4>\n<div class=\"wrap\">\n<p>Google Analytics (Universal Analytics) \u00e8 un servizio di analisi web fornito da Google LLC oppure da Google Ireland Limited, a seconda di come il Titolare gestisce il trattamento dei Dati, (\u201cGoogle\u201d). Google utilizza i Dati Personali raccolti allo scopo di tracciare ed esaminare l\u2019utilizzo di questa Applicazione, compilare report e condividerli con gli altri servizi sviluppati da Google.<br \/>\nGoogle potrebbe utilizzare i Dati Personali per contestualizzare e personalizzare gli annunci del proprio network pubblicitario.<\/p>\n<\/div>\n<p>Dati Personali trattati: Dati di utilizzo; Strumenti di Tracciamento.<\/p>\n<p>Luogo del trattamento: Stati Uniti \u2013 <a href=\"https:\/\/policies.google.com\/privacy\" target=\"_blank\" rel=\"noopener noreferrer\">Privacy Policy<\/a> \u2013 <a href=\"https:\/\/tools.google.com\/dlpage\/gaoptout?hl=it\" target=\"_blank\" rel=\"noopener\">Opt Out<\/a>; Irlanda \u2013 <a href=\"https:\/\/policies.google.com\/privacy\" target=\"_blank\" rel=\"noopener noreferrer\">Privacy Policy<\/a> \u2013 <a href=\"https:\/\/tools.google.com\/dlpage\/gaoptout?hl=en\" target=\"_blank\" rel=\"noopener\">Opt Out<\/a>.<\/p>\n<h3 class=\"expand-click w_icon_24 policyicon_purpose_12386300 iub-purpose iub-purpose-12386300\">Visualizzazione di contenuti da piattaforme esterne<\/h3>\n<div class=\"expand-content\">\n<p>Questo tipo di servizi permette di visualizzare contenuti ospitati su piattaforme esterne direttamente dalle pagine di questa Applicazione e di interagire con essi. Tali servizi sono spesso definiti widget, ovvero piccoli elementi inseriti in un sito web o in un&#8217;applicazione. Forniscono informazioni specifiche o svolgono una funzione particolare e spesso consentono l&#8217;interazione con l&#8217;utente.<br \/>\nQuesto tipo di servizio potrebbe comunque raccogliere dati sul traffico web relativo alle pagine dove il servizio \u00e8 installato, anche quando gli utenti non lo utilizzano.<\/p>\n<h4 class=\"iub-service iub-service-10551626\">Google Fonts<\/h4>\n<div class=\"wrap\">\n<p>Google Fonts \u00e8 un servizio di visualizzazione di stili di carattere gestito da Google LLC oppure da Google Ireland Limited, a seconda di come il Titolare gestisce il trattamento dei Dati, che permette a questa Applicazione di integrare tali contenuti all\u2019interno delle proprie pagine.<\/p>\n<\/div>\n<p>Dati Personali trattati: Dati di utilizzo; Strumenti di Tracciamento.<\/p>\n<p>Luogo del trattamento: Stati Uniti \u2013 <a href=\"https:\/\/policies.google.com\/privacy\" target=\"_blank\" rel=\"noopener noreferrer\">Privacy Policy<\/a>; Irlanda \u2013 <a href=\"https:\/\/policies.google.com\/privacy\" target=\"_blank\" rel=\"noopener noreferrer\">Privacy Policy<\/a>.<\/p>\n<\/div>\n<\/div>\n<\/div>\n<h2>COOKIE POLICY<\/h2>\n<p>Informativa sull\u2019uso dei cookie all\u2019interno del sito www.fanimar.it ai sensi degli articoli 13 e 122 del D. Lgs. 30 giugno 2003, n. 196<\/p>\n<p>Il F.A.N.I.MAR. in qualit\u00e0 di titolare del trattamento dei dati personali del sito www.fanimar.it, consapevole dell&#8217;importanza della protezione delle informazioni che gli utenti on-line possono fornire attraverso la navigazione, ha adottato la presente informativa al fine di informarli sull\u2019uso dei cookie installati dal dominio www.fanimar.it e i relativi sottodomini (di seguito Sito).<\/p>\n<h3>Cosa sono i cookies?<\/h3>\n<p>Un cookie \u00e8 un piccolo file di testo che viene memorizzato dal computer nel momento in cui un sito web viene visitato da un utente. Il testo memorizza informazioni che il sito \u00e8 in grado di leggere nel momento in cui viene consultato in un secondo momento.<br \/>\nI cookie tecnici sono quelli utilizzati al solo fine di &#8220;effettuare la trasmissione di una comunicazione su una rete di comunicazione elettronica, o nella misura strettamente necessaria al fornitore di un servizio della societ\u00e0 dell&#8217;informazione esplicitamente richiesto dall&#8217;abbonato o dall&#8217;utente a erogare tale servizio&#8221; (cfr. art. 122, comma 1, del Codice della Privacy).<\/p>\n<p>Alcuni di questi cookies sono necessari al corretto funzionamento del sito, altri sono invece utili al visitatore perch\u00e9 in grado di memorizzare in modo sicuro ad esempio il nome utente o le impostazioni di lingua.<\/p>\n<p>Questi cookies possono essere:<br \/>\npersistenti se memorizzati sul dispositivo dell&#8217;utente per un tempo limitato o in modo permanente;<br \/>\ndi sessione se possono essere eliminati con la chiusura del browser o avere una durata molto breve;<br \/>\ndi prima parte se possono essere memorizzati sul dispositivo direttamente dal sito;<br \/>\ndi terze parti se possono essere memorizzati da servizi di terze parti inclusi nel sito.<\/p>\n<h3>Perch\u00e8 il F.A.N.I.MAR. utilizza i cookies?<\/h3>\n<p>Il F.A.N.I.MAR. utilizza i cookies al fine di fornire ai propri utenti un\u2019esperienza di navigazione il pi\u00f9 possibile fluida e semplificata. Tramite i cookies fa in modo che ad ogni visita sul sito non si debbano ricevere o inserire le stesse informazioni. I cookies vengono utilizzati anche al fine di ottimizzare le prestazioni del sito web, rendendo ad esempio pi\u00f9 facile la ricerca veloce di elementi e prodotti specifici all&#8217;interno del sito. Al fine di proteggere i propri dati personali da possibili perdite e da qualsiasi forma di trattamento illecito il F.A.N.I.MAR. ha preso opportune misure tecniche ed organizzative.<\/p>\n<h3>Cookie impostati dal F.A.N.I.MAR.<\/h3>\n<p>Di seguito \u00e8 possibile saperne di pi\u00f9 sui vari modi in cui si utilizzano i cookie all\u2019interno del Sito. Se lo si desidera, \u00e8 possibile impedire il salvataggio di alcuni o tutti i cookie. Tuttavia, in questo caso l&#8217;utilizzo del Sito e dei servizi offerti potrebbe risultarne compromesso.<\/p>\n<p>Cookies di navigazione e di funzionalit\u00e0: F.A.N.I.MAR. utilizza sul Sito cookies di prima parte, di sessione e persistenti per consentire ai visitatori la fruizione ottimale dei contenuti del sito e per migliorare i servizi che il sito offre. Questi cookies memorizzano alcune informazioni come la preferenza della lingua, il paese o altre impostazioni online, per permettere al sito di fornire funzionalit\u00e0 ottimizzate.<\/p>\n<p>Cookies analitici: F.A.N.I.MAR. utilizza sul Sito cookies di terze parti della piattaforma Google Analytics (Google Inc.) per raccogliere statistiche aggregate in forma anonima sull&#8217;utilizzo del Sito da parte degli utenti (numero di visitatori, pagine visitate, tempo di permanenza sul sito, etc.).<\/p>\n<h3>Caratteristiche dei cookies utilizzati<\/h3>\n<p>F.A.N.I.MAR.:<br \/>\nCookies &#8220;CookiePolicy&#8221;, &#8220;PHPSESSID&#8221;: utilizzati per la navigazione e per le funzionalit\u00e0 del sito, sono cookies di prima parte e sono cookies di sessione e persistenti.<\/p>\n<p>Google Analytics:<br \/>\nCookies &#8220;_utma&#8221;, &#8220;_utmb&#8221;, &#8220;_utmc&#8221;, &#8220;_utmz&#8221;, &#8220;_ga&#8221;: utilizzati per scopi analitici e per raccogliere statistiche del sito, sono cookies di terza parte e sono cookies di sessione e persistenti. Memorizzati da Google Inc., al seguente indirizzo \u00e8 possibile leggere in dettaglio la privacy policy e sono disponibili gli strumenti di opt-out: Google Privacy Policy<\/p>\n<h3>Come modificare le impostazioni sui cookie?<\/h3>\n<p>La maggior parte dei browser Internet accetta i cookie automaticamente, ma \u00e8 possibile modificare le impostazioni del browser per cancellare i cookie o impedirne l&#8217;accettazione automatica.<br \/>\nPuoi anche rifiutare l&#8217;uso dei cookie ma in questo caso, la possibilit\u00e0&#8217; di fornire informazioni e servizi personalizzati sar\u00e0 limitata, o alcune funzionalit\u00e0 del sito potrebbero non funzionare correttamente ed alcuni dei servizi non essere disponibili.<\/p>\n<p>Di seguito una serie di link alle guide per le impostazioni relative ai cookie dei principali browser.<\/p>\n<p>Internet Explorer: http:\/\/support.microsoft.com\/kb\/278835<br \/>\nInternet Explorer [windows mobile]: http:\/\/www.windowsphone.com\/en-us\/how-to\/wp7\/web\/changing-privacy-and-other-browser-settings<br \/>\nChrome: http:\/\/support.google.com\/chrome\/bin\/answer.py?hl=en-GB&amp;answer=95647<br \/>\nSafari: http:\/\/docs.info.apple.com\/article.html?path=Safari\/5.0\/en\/9277.html<br \/>\nSafari [versione mobile]: http:\/\/support.apple.com\/kb\/HT1677<br \/>\nFirefox: http:\/\/support.mozilla.org\/en-US\/kb\/Enabling%20and%20disabling%20cookies<br \/>\nBlackberries: http:\/\/docs.blackberry.com\/en\/smartphone_users\/deliverables\/32004\/<br \/>\nTurn_off_cookies_in_the_browser_60_1072866_11.jsp<br \/>\nAndroid: http:\/\/support.google.com\/mobile\/bin\/answer.py?hl=en&amp;answer=169022<br \/>\nOpera: http:\/\/www.opera.com\/browser\/tutorials\/security\/privacy\/<\/p>\n<p>Per disabilitare i cookies dei servizi di terze parti utilizzati nel Sito \u00e8 possibile fare riferimento alle opzioni di opt-out offerte direttamente dai gestori dei servizi (cliccare sul nome per accedere alle opzioni):<br \/>\n&#8211; Google Analytics<br \/>\n&#8211; ShareThis<\/p>\n<p>Informazioni su questa cookie policy<br \/>\nIl Titolare del Trattamento dei Dati \u00e8 responsabile per questa cookie policy.<\/p>\n","protected":false},"excerpt":{"rendered":"<p>PRIVACY POLICY INFORMATIVA EX ART. 13 D. LGS. 196\/2003 Egregio Cliente, Il F.A.N.I.MAR. desidera informarLa che il D. Lgs. n. 196 del 30 giugno 2003 (denominato &#8220;Codice in materia di&#8230;<\/p>","protected":false},"author":1,"featured_media":0,"parent":0,"menu_order":0,"comment_status":"closed","ping_status":"closed","template":"","meta":{"footnotes":""},"class_list":["post-1311","page","type-page","status-publish"],"aioseo_notices":[],"_links":{"self":[{"href":"https:\/\/fanimar.it\/en\/wp-json\/wp\/v2\/pages\/1311","targetHints":{"allow":["GET"]}}],"collection":[{"href":"https:\/\/fanimar.it\/en\/wp-json\/wp\/v2\/pages"}],"about":[{"href":"https:\/\/fanimar.it\/en\/wp-json\/wp\/v2\/types\/page"}],"author":[{"embeddable":true,"href":"https:\/\/fanimar.it\/en\/wp-json\/wp\/v2\/users\/1"}],"replies":[{"embeddable":true,"href":"https:\/\/fanimar.it\/en\/wp-json\/wp\/v2\/comments?post=1311"}],"version-history":[{"count":3,"href":"https:\/\/fanimar.it\/en\/wp-json\/wp\/v2\/pages\/1311\/revisions"}],"predecessor-version":[{"id":2252,"href":"https:\/\/fanimar.it\/en\/wp-json\/wp\/v2\/pages\/1311\/revisions\/2252"}],"wp:attachment":[{"href":"https:\/\/fanimar.it\/en\/wp-json\/wp\/v2\/media?parent=1311"}],"curies":[{"name":"wp","href":"https:\/\/api.w.org\/{rel}","templated":true}]}}